{"id":58,"date":"2017-02-27T11:47:15","date_gmt":"2017-02-27T11:47:15","guid":{"rendered":"http:\/\/sabinaene.ro\/demo-winemastersolution\/?page_id=2"},"modified":"2017-04-13T12:27:55","modified_gmt":"2017-04-13T12:27:55","slug":"despre","status":"publish","type":"page","link":"https:\/\/winemastersolution.ro\/de\/despre\/","title":{"rendered":"Info WMS"},"content":{"rendered":"<p>Wine Master Solution ist ein Beratungsunternehmen f\u00fcr Weinbetriebe. Unsere Dienstleistungen sind auf Weinproduzenten, Vertreiber, Restaurants und Einzelpersonen zugeschnitten, die Hilfe bei der Verwaltung von Handelsbetrieben und Logistik ben\u00f6tigen.<\/p>\n<p>Wir bauen langfristige Beziehungen auf der Grundlage von gegenseitigem Vertrauen. Mit einem umfassenden Know-how in der Weinindustrie ist es unser Ziel, unseren Kunden zu helfen, ihre Aktivit\u00e4ten zu verbessern und ihre Ziele zu erreichen<\/p>\n<p><!--more--><br \/>\nWer kann von unserem Angebot profitieren?<\/p>\n<ul>\n<li><strong>Weinproduzenten<\/strong>: Marketing-Dienstleistungen, Handelsvermittlung mit Vertreibern und Restaurants, Teambuilding, Vertretung in den Medien<\/li>\n<li><strong>Weinverteiler<\/strong>: Marketing-Dienstleistungen, Handelsvermittlung mit Produzenten, Teambuilding<\/li>\n<li><strong>Restaurants<\/strong>: Marketing-Dienstleistungen, Handelsvermittlung mit Produzenten, Teambuilding, Personalschulung, Qualit\u00e4tsmanagement<\/li>\n<li><strong>Einzelpersonen<\/strong>: Handelsvermittlung<\/li>\n<\/ul>\n<p><a href=\"http:\/\/winemastersolution.ro\/servicii\/\">The complete list of services<\/a><\/p>\n<h2>DAN CORNEL S\u0102VULESCU<img loading=\"lazy\" class=\"size-medium wp-image-12 alignright\" src=\"http:\/\/localhost\/wms\/wp-content\/uploads\/2017\/02\/dansav-e1488218087516-223x300.jpg\" alt=\"dansav\" width=\"223\" height=\"300\" \/><\/h2>\n<p>Ich bin der Gr\u00fcnder von Wine Master Solution SRL. Seit 40 Jahren arbeite ich im internen und externen Weinhandel f\u00fcr Produzenten und Verteiler gleicherma\u00dfen. Ich schuf Wine Master Solution, um das Wissen weiterzugeben, das ich mir in diesen Jahren angeeignet habe.<\/p>\n<h3>Relevante Erfahrung<\/h3>\n<p>1 Jahr <strong>Gr\u00fcnder Wine Master Solution SRL<\/strong>. <em>Beratung, Vermittlung und Ausbildung im Bereich Weinhandel und Marketing f\u00fcr Produzenten, H\u00e4ndler, Restaurants und Einzelpersonen.<br \/>\n<\/em><\/p>\n<p>14 Jahre <strong>Verkaufsdirektor bei SERVE S.A.<\/strong> (Der erste und seit einiger Zeit der einzige private Weinproduzent in Rum\u00e4nien)<em>. Organisation von einigen der ersten Weinproben f\u00fcr gro\u00dfes Publikum in Rum\u00e4nien, in verschiedenen Restaurants und Messen. Teilnahme als Markenvertreter bei verschiedenen internationalen (D\u00fcsseldorf, London, Br\u00fcssel, Moskau, Krakau etc.) und nationalen (Good Wine etc.) Weinmessen und Wettbewerben.<br \/>\n<\/em><\/p>\n<p>12 Jahre <strong>Leiter der Handelsabteilung bei EDF ASRO SRL Otopeni International Airport<\/strong> (Die erste zollfreie Organisation in Rum\u00e4nien). <em>Duty-free Beschaffung und Verkauf f\u00fcr eine gro\u00dfe Auswahl an rum\u00e4nischen Produkten (einschlie\u00dflich Wein und andere alkoholische Getr\u00e4nke) und Schokolade. Koordinierung der Handelsabteilung.<\/em><\/p>\n<p>7 Jahre <strong> VINEXPORT Bukarest.\u00a0<\/strong><em>Exportiert frische Trauben, Wein und andere alkoholische Getr\u00e4nke nach Europa und weltweit.<\/em><\/p>\n<p><a href=\"https:\/\/www.linkedin.com\/in\/dan-cornel-savulescu-7923b5a2\/\" target=\"_blank\"> View my LinkedIn profile<\/a><\/p>","protected":false},"excerpt":{"rendered":"<p>Leider ist der Eintrag nur auf Rum\u00e4nisch verf\u00fcgbar.<\/p>\n","protected":false},"author":1,"featured_media":28,"parent":0,"menu_order":0,"comment_status":"closed","ping_status":"closed","template":"","meta":[],"_links":{"self":[{"href":"https:\/\/winemastersolution.ro\/de\/wp-json\/wp\/v2\/pages\/58"}],"collection":[{"href":"https:\/\/winemastersolution.ro\/de\/wp-json\/wp\/v2\/pages"}],"about":[{"href":"https:\/\/winemastersolution.ro\/de\/wp-json\/wp\/v2\/types\/page"}],"author":[{"embeddable":true,"href":"https:\/\/winemastersolution.ro\/de\/wp-json\/wp\/v2\/users\/1"}],"replies":[{"embeddable":true,"href":"https:\/\/winemastersolution.ro\/de\/wp-json\/wp\/v2\/comments?post=58"}],"version-history":[{"count":8,"href":"https:\/\/winemastersolution.ro\/de\/wp-json\/wp\/v2\/pages\/58\/revisions"}],"predecessor-version":[{"id":128,"href":"https:\/\/winemastersolution.ro\/de\/wp-json\/wp\/v2\/pages\/58\/revisions\/128"}],"wp:featuredmedia":[{"embeddable":true,"href":"https:\/\/winemastersolution.ro\/de\/wp-json\/wp\/v2\/media\/28"}],"wp:attachment":[{"href":"https:\/\/winemastersolution.ro\/de\/wp-json\/wp\/v2\/media?parent=58"}],"curies":[{"name":"wp","href":"https:\/\/api.w.org\/{rel}","templated":true}]}}